{"id":1073,"date":"2025-07-16T12:20:34","date_gmt":"2025-07-16T10:20:34","guid":{"rendered":"https:\/\/www.szymbud-pawilony.pl\/gastronomiczne\/"},"modified":"2026-02-09T12:58:53","modified_gmt":"2026-02-09T11:58:53","slug":"gastronomicke","status":"publish","type":"page","link":"https:\/\/www.szymbud-pawilony.pl\/sk\/ponuka\/pavilony-zo-sendvicovych-panelov\/gastronomicke\/","title":{"rendered":"Gastronomick\u00e9 pavil\u00f3ny"},"content":{"rendered":"\n<div class=\"wp-block-group main-wrapper px-5 is-layout-flow wp-block-group-is-layout-flow\">\n<div class=\"wp-block-columns gap-10 is-layout-flex wp-container-core-columns-is-layout-28f84493 wp-block-columns-is-layout-flex\">\n<div class=\"wp-block-column is-layout-flow wp-block-column-is-layout-flow\"><figure class=\"wp-block-post-featured-image\"><img loading=\"lazy\" decoding=\"async\" width=\"640\" height=\"480\" src=\"https:\/\/www.szymbud-pawilony.pl\/wp-content\/uploads\/2025\/07\/pawilony-gastronomiczne.webp\" class=\"attachment-post-thumbnail size-post-thumbnail wp-post-image\" alt=\"pawilon gastronomiczny\" style=\"object-fit:cover;\" srcset=\"https:\/\/www.szymbud-pawilony.pl\/wp-content\/uploads\/2025\/07\/pawilony-gastronomiczne.webp 640w, https:\/\/www.szymbud-pawilony.pl\/wp-content\/uploads\/2025\/07\/pawilony-gastronomiczne-300x225.webp 300w\" sizes=\"auto, (max-width: 640px) 100vw, 640px\" \/><\/figure><\/div>\n\n\n\n<div class=\"wp-block-column text-container is-layout-flow wp-block-column-is-layout-flow\">\n<p class=\"has-medium-font-size\"><strong>Gastronomick\u00e9 pavil\u00f3ny<\/strong> predstavuj\u00fa r\u00fdchly a overen\u00fd sp\u00f4sob, ako spusti\u0165 alebo roz\u0161\u00edri\u0165 gastronomick\u00fa \u010dinnos\u0165 \u2013 bez zd\u013ahavej v\u00fdstavby a nadmern\u00fdch n\u00e1kladov. Spolo\u010dnos\u0165 <strong>SZYM-BUD<\/strong> navrhuje a realizuje gastronomick\u00e9 pavil\u00f3ny zo sendvi\u010dov\u00fdch panelov, vyr\u00e1ban\u00e9 na mieru pod\u013ea individu\u00e1lnych potrieb klienta \u2013 od mal\u00fdch prev\u00e1dzok typu fast food, cez stacion\u00e1rne food trucky a\u017e po plnohodnotn\u00e9 bary, kaviarne \u010di sez\u00f3nne re\u0161taur\u00e1cie.<\/p>\n\n\n<a class=\"mr-button \" href=\"https:\/\/www.szymbud-pawilony.pl\/sk\/kontakt\/\">\n  Kontaktujte n\u00e1s<\/a>\n<\/div>\n<\/div>\n\n\n<div class=\" spacing-top main-wrapper \" \/>\n<\/div><\/div>\n\n\n\n<div class=\"wp-block-group text-container main-wrapper px-5 is-layout-constrained wp-block-group-is-layout-constrained\">\n<h2 class=\"text-2xl md:text-3xl lg:text-4xl wp-block-mrblocks-generictext\">Gastronomick\u00e9 pavil\u00f3ny zo sendvi\u010dov\u00fdch panelov \u2013 funk\u010dnos\u0165 od prv\u00e9ho d\u0148a<\/h2>\n\n\n\n<p>Gastronomick\u00e9 pavil\u00f3ny zo sendvi\u010dov\u00fdch panelov s\u00fa celoro\u010dn\u00e9, zateplen\u00e9 objekty prisp\u00f4soben\u00e9 na intenz\u00edvne pou\u017e\u00edvanie. Kon\u0161trukcia zalo\u017een\u00e1 na \u013eahkom obvodovom pl\u00e1\u0161ti umo\u017e\u0148uje r\u00fdchlu mont\u00e1\u017e a flexibiln\u00e9 prisp\u00f4sobenie rozmerov, dispozi\u010dn\u00e9ho rie\u0161enia aj technick\u00fdch in\u0161tal\u00e1ci\u00ed. Ka\u017ed\u00fd objekt sa vyr\u00e1ba na objedn\u00e1vku, \u010do znamen\u00e1 pln\u00fa kontrolu nad plochou, farebn\u00fdm preveden\u00edm, hr\u00fabkou panelov a technick\u00fdm vybaven\u00edm.<\/p>\n\n\n\n<p>V praxi to umo\u017e\u0148uje presn\u00e9 navrhnutie z\u00f3n, ako s\u00fa kuchy\u0148a, z\u00e1zemie, sklad, um\u00fdvare\u0148 alebo priestor pre obsluhu z\u00e1kazn\u00edkov \u2013 presne pod\u013ea charakteru prev\u00e1dzky.<\/p>\n\n\n\n<h2 class=\"text-2xl md:text-3xl lg:text-4xl wp-block-mrblocks-generictext\">Gastronomick\u00e9 pavil\u00f3ny z obornick\u00fdch panelov \u2013 odolnos\u0165 a izol\u00e1cia<\/h2>\n\n\n\n<p>V\u0161etky gastronomick\u00e9 pavil\u00f3ny z obornick\u00fdch panelov realizovan\u00e9 spolo\u010dnos\u0165ou SZYM-BUD vyu\u017e\u00edvaj\u00fa sendvi\u010dov\u00e9 panely s jadrom z polystyr\u00e9nu, polyuret\u00e1nu alebo miner\u00e1lnej vlny. Tieto materi\u00e1ly zabezpe\u010duj\u00fa ve\u013emi dobr\u00e9 tepelnoizola\u010dn\u00e9 vlastnosti, \u010do re\u00e1lne zni\u017euje n\u00e1klady na vykurovanie a prev\u00e1dzku objektu po\u010das cel\u00e9ho roka. N\u00edzka hmotnos\u0165 panelov umo\u017e\u0148uje pou\u017eitie \u013eahkej, no z\u00e1rove\u0148 pevnej oce\u013eovej kon\u0161trukcie a poskytuje mo\u017enos\u0165 bud\u00faceho premiestnenia pavil\u00f3nu.<\/p>\n\n\n\n<p>Panely disponuj\u00fa v\u0161etk\u00fdmi potrebn\u00fdmi certifik\u00e1tmi, technick\u00fdm schv\u00e1len\u00edm ITB, hygienick\u00fdmi atestmi a po\u017eiarnou klasifik\u00e1ciou, \u010do je v gastron\u00f3mii mimoriadne d\u00f4le\u017eit\u00e9.<\/p>\n\n\n\n<h2 class=\"text-2xl md:text-3xl lg:text-4xl wp-block-mrblocks-generictext\">Gastronomick\u00e9 pavil\u00f3ny \u2013 v\u00fdrobca so sk\u00fasenos\u0165ami<\/h2>\n\n\n\n<p>Ako <strong>v\u00fdrobca gastronomick\u00fdch pavil\u00f3nov<\/strong> m\u00e1 SZYM-BUD za sebou stovky realiz\u00e1ci\u00ed v Po\u013esku aj v zahrani\u010d\u00ed, okrem in\u00e9ho v Nemecku, \u0160vaj\u010diarsku, Rak\u00fasku \u010di Taliansku. Sk\u00fasenosti z\u00edskan\u00e9 na r\u00f4znych trhoch umo\u017e\u0148uj\u00fa navrhova\u0165 objekty v s\u00falade s platn\u00fdmi normami a re\u00e1lnymi potrebami u\u017e\u00edvate\u013eov.<\/p>\n\n\n\n<p>V\u00fdroba je zalo\u017een\u00e1 v\u00fdlu\u010dne na overen\u00fdch materi\u00e1loch objedn\u00e1van\u00fdch priamo od po\u013esk\u00fdch v\u00fdrobcov, \u010do sa premieta do vysokej kvality spracovania a stabiln\u00fdch technick\u00fdch parametrov.<\/p>\n\n\n\n<h2 class=\"text-2xl md:text-3xl lg:text-4xl wp-block-mrblocks-generictext\">Vybavenie prisp\u00f4soben\u00e9 gastron\u00f3mii<\/h2>\n\n\n\n<p>Gastronomick\u00e9 pavil\u00f3ny m\u00f4\u017eu by\u0165 vybaven\u00e9:<\/p>\n\n\n\n<ul class=\"wp-block-list\">\n<li>samonosnou, zateplenou podlahou na oce\u013eovom ro\u0161te,<\/li>\n\n\n\n<li>elektroin\u0161tal\u00e1ciou a vykurovac\u00edm syst\u00e9mom,<\/li>\n\n\n\n<li>deliaci\u00admi prie\u010dkami umo\u017e\u0148uj\u00facimi funk\u010dn\u00e9 rozdelenie priestoru,<\/li>\n\n\n\n<li>okenno-dverovou v\u00fdpl\u0148ou ur\u010denou na intenz\u00edvne pou\u017e\u00edvanie,<\/li>\n\n\n\n<li>dekorat\u00edvnymi prvkami, ako je fas\u00e1dna doska, fas\u00e1dny kame\u0148 alebo ozdobn\u00e9 panely.<\/li>\n<\/ul>\n\n\n\n<p>V\u010faka tomu m\u00f4\u017ee pavil\u00f3n plni\u0165 nielen funkciu kuchynsk\u00e9ho z\u00e1zemia, ale aj estetick\u00e9ho predajn\u00e9ho miesta, ktor\u00e9 prirodzene pri\u0165ahuje z\u00e1kazn\u00edkov.<\/p>\n\n\n\n<h2 class=\"text-2xl md:text-3xl lg:text-4xl wp-block-mrblocks-generictext\">Pre\u010do si zvoli\u0165 gastronomick\u00fd pavil\u00f3n namiesto tradi\u010dnej stavby<\/h2>\n\n\n\n<p>Rozhodnut\u00edm pre gastronomick\u00fd pavil\u00f3n zo sendvi\u010dov\u00fdch panelov investor z\u00edskava:<\/p>\n\n\n\n<ul class=\"wp-block-list\">\n<li>ni\u017e\u0161ie investi\u010dn\u00e9 n\u00e1klady v porovnan\u00ed s murovan\u00fdmi stavbami,<\/li>\n\n\n\n<li>\u010das realiz\u00e1cie v priebehu nieko\u013ek\u00fdch t\u00fd\u017ed\u0148ov a mont\u00e1\u017e za p\u00e1r dn\u00ed,<\/li>\n\n\n\n<li>mo\u017enos\u0165 roz\u0161\u00edrenia alebo zmeny umiestnenia objektu,<\/li>\n\n\n\n<li>modern\u00fd vzh\u013ead a vysok\u00fa estetick\u00fa \u00farove\u0148,<\/li>\n\n\n\n<li>pln\u00fa individualiz\u00e1ciu projektu.<\/li>\n<\/ul>\n\n\n\n<h2 class=\"text-2xl md:text-3xl lg:text-4xl wp-block-mrblocks-generictext\">Gastronomick\u00e9 pavil\u00f3ny SZYM-BUD \u2013 pripraven\u00e9 pre v\u00e1\u0161 biznis<\/h2>\n\n\n\n<p>Ka\u017ed\u00fd gastronomick\u00fd pavil\u00f3n realizovan\u00fd spolo\u010dnos\u0165ou SZYM-BUD je navrhovan\u00fd s oh\u013eadom na re\u00e1lne podmienky pr\u00e1ce v gastron\u00f3mii. Ide o odoln\u00e9, funk\u010dn\u00e9 a norm\u00e1m zodpovedaj\u00face objekty, ktor\u00e9 umo\u017e\u0148uj\u00fa s\u00fastredi\u0165 sa na podnikanie, nie na technick\u00e9 probl\u00e9my. Ak s\u00fa pre v\u00e1s k\u013e\u00fa\u010dov\u00e9 \u010das, kvalita a flexibilita, gastronomick\u00fd pavil\u00f3n zo sendvi\u010dov\u00fdch panelov je rie\u0161enie, ktor\u00e9 jednoducho funguje.<\/p>\n<\/div>\n","protected":false},"excerpt":{"rendered":"<p>Gastronomick\u00e9 pavil\u00f3ny predstavuj\u00fa r\u00fdchly a overen\u00fd sp\u00f4sob, ako spusti\u0165 alebo roz\u0161\u00edri\u0165 gastronomick\u00fa \u010dinnos\u0165 \u2013 bez zd\u013ahavej v\u00fdstavby a nadmern\u00fdch n\u00e1kladov. Spolo\u010dnos\u0165 SZYM-BUD navrhuje a realizuje gastronomick\u00e9 pavil\u00f3ny zo sendvi\u010dov\u00fdch panelov, vyr\u00e1ban\u00e9 na mieru pod\u013ea individu\u00e1lnych potrieb klienta \u2013 od mal\u00fdch prev\u00e1dzok typu fast food, cez stacion\u00e1rne food trucky a\u017e po plnohodnotn\u00e9 bary, kaviarne \u010di sez\u00f3nne [&hellip;]<\/p>\n","protected":false},"author":1,"featured_media":1075,"parent":1095,"menu_order":0,"comment_status":"closed","ping_status":"closed","template":"wp-custom-template-strona-ofertowa","meta":{"footnotes":""},"class_list":["post-1073","page","type-page","status-publish","has-post-thumbnail","hentry"],"_links":{"self":[{"href":"https:\/\/www.szymbud-pawilony.pl\/sk\/wp-json\/wp\/v2\/pages\/1073","targetHints":{"allow":["GET"]}}],"collection":[{"href":"https:\/\/www.szymbud-pawilony.pl\/sk\/wp-json\/wp\/v2\/pages"}],"about":[{"href":"https:\/\/www.szymbud-pawilony.pl\/sk\/wp-json\/wp\/v2\/types\/page"}],"author":[{"embeddable":true,"href":"https:\/\/www.szymbud-pawilony.pl\/sk\/wp-json\/wp\/v2\/users\/1"}],"replies":[{"embeddable":true,"href":"https:\/\/www.szymbud-pawilony.pl\/sk\/wp-json\/wp\/v2\/comments?post=1073"}],"version-history":[{"count":3,"href":"https:\/\/www.szymbud-pawilony.pl\/sk\/wp-json\/wp\/v2\/pages\/1073\/revisions"}],"predecessor-version":[{"id":1658,"href":"https:\/\/www.szymbud-pawilony.pl\/sk\/wp-json\/wp\/v2\/pages\/1073\/revisions\/1658"}],"up":[{"embeddable":true,"href":"https:\/\/www.szymbud-pawilony.pl\/sk\/wp-json\/wp\/v2\/pages\/1095"}],"wp:featuredmedia":[{"embeddable":true,"href":"https:\/\/www.szymbud-pawilony.pl\/sk\/wp-json\/wp\/v2\/media\/1075"}],"wp:attachment":[{"href":"https:\/\/www.szymbud-pawilony.pl\/sk\/wp-json\/wp\/v2\/media?parent=1073"}],"curies":[{"name":"wp","href":"https:\/\/api.w.org\/{rel}","templated":true}]}}