{"id":1097,"date":"2025-07-16T10:44:42","date_gmt":"2025-07-16T08:44:42","guid":{"rendered":"https:\/\/www.szymbud-pawilony.pl\/kontakt\/"},"modified":"2026-02-09T12:24:48","modified_gmt":"2026-02-09T11:24:48","slug":"kontakt","status":"publish","type":"page","link":"https:\/\/www.szymbud-pawilony.pl\/sk\/kontakt\/","title":{"rendered":"Kontakt"},"content":{"rendered":"\n<div class=\"wp-block-columns main-wrapper gap-10 is-layout-flex wp-container-core-columns-is-layout-28f84493 wp-block-columns-is-layout-flex\">\n<div class=\"wp-block-column text-container is-layout-flow wp-block-column-is-layout-flow\">\n<h3 class=\"wp-block-heading has-secondary-color has-text-color has-link-color wp-elements-e18d33692a083dbce1f6bcfd7bcbfc3e\">Szym-bud Szymon Malak<\/h3>\n\n\n\n<p class=\"has-medium-font-size\"><strong>tel:<\/strong> <a href=\"tel:+48605855366\"><mark style=\"background-color:rgba(0, 0, 0, 0)\" class=\"has-inline-color has-secondary-color\">+48 605 855 366<\/mark><\/a><\/p>\n\n\n\n<p class=\"has-medium-font-size\"><strong>e-mail:<\/strong> <a href=\"mailto:biuro@szym-bud.pl\"><mark style=\"background-color:rgba(0, 0, 0, 0)\" class=\"has-inline-color has-secondary-color\">biuro@szym-bud.pl<\/mark><\/a><\/p>\n\n\n\n<p class=\"has-medium-font-size\"><strong>Ulica Polna 3, 64-600 Oborniki<\/strong><\/p>\n<\/div>\n\n\n\n<div class=\"wp-block-column is-layout-flow wp-block-column-is-layout-flow\">\n<iframe src=\"https:\/\/www.google.com\/maps\/embed?pb=!1m14!1m8!1m3!1d2419.952917194718!2d16.840094!3d52.660828!3m2!1i1024!2i768!4f13.1!3m3!1m2!1s0x47046ce0f546a267%3A0x90004b452f0d5522!2sSzym-Bud%20Szymon%20Malak!5e0!3m2!1spl!2spl!4v1756882486241!5m2!1spl!2spl\" width=\"100%\" height=\"450\" style=\"border:0;\" allowfullscreen=\"\" loading=\"lazy\" referrerpolicy=\"no-referrer-when-downgrade\"><\/iframe>\n<\/div>\n<\/div>\n\n\n<div class=\" spacing-top main-wrapper \" \/>\n<\/div>\n\n\n<div class=\"wp-block-group xxl-wrapper !mx-auto  has-light-gray-background-color has-background is-layout-flow wp-block-group-is-layout-flow\"><div class=\" spacing-top main-wrapper \" \/>\n<\/div>\n\n\n<div class=\"wp-block-columns px-5 gap-10 main-wrapper is-layout-flex wp-container-core-columns-is-layout-28f84493 wp-block-columns-is-layout-flex\">\n<div class=\"wp-block-column is-layout-flow wp-block-column-is-layout-flow\">\n<div class=\"wp-block-cover is-light\" style=\"min-height:698px;aspect-ratio:unset;\"><img loading=\"lazy\" decoding=\"async\" width=\"659\" height=\"790\" class=\"wp-block-cover__image-background wp-image-161 size-full\" alt=\"M\u0119\u017cczyzna korzystaj\u0105cy z telefonu\" src=\"https:\/\/www.szymbud-pawilony.pl\/wp-content\/uploads\/2025\/07\/szymbud-kontakt.webp\" data-object-fit=\"cover\" srcset=\"https:\/\/www.szymbud-pawilony.pl\/wp-content\/uploads\/2025\/07\/szymbud-kontakt.webp 659w, https:\/\/www.szymbud-pawilony.pl\/wp-content\/uploads\/2025\/07\/szymbud-kontakt-250x300.webp 250w\" sizes=\"auto, (max-width: 659px) 100vw, 659px\" \/><span aria-hidden=\"true\" class=\"wp-block-cover__background has-background-dim-0 has-background-dim\" style=\"background-color:#988f86\"><\/span><div class=\"wp-block-cover__inner-container is-layout-constrained wp-block-cover-is-layout-constrained\">\n<p class=\"has-text-align-center has-large-font-size\"><\/p>\n<\/div><\/div>\n<\/div>\n\n\n\n<div class=\"wp-block-column is-layout-flow wp-block-column-is-layout-flow\">\n<h2 class=\"text-2xl md:text-3xl lg:text-4xl wp-block-mrblocks-generictext\">V\u00e1\u0161 pavil\u00f3n za\u010d\u00edna rozhovorom<\/h2>\n\n\n\n<div style=\"height:20px\" aria-hidden=\"true\" class=\"wp-block-spacer\"><\/div>\n\n\n\n<p class=\"has-gray-text-color has-text-color has-link-color wp-elements-6c955aff821b650008854b8cbfe510aa\">M\u00e1te nejak\u00e9 ot\u00e1zky? Chcete sa dozvedie\u0165 viac o ponuke alebo si dohodn\u00fa\u0165 bezplatn\u00fa cenov\u00fa ponuku?<\/p>\n\n\n\n<p class=\"has-gray-text-color has-text-color has-link-color wp-elements-5787a5d2a6c7b828b26d52a14393d4bb\">Vypl\u0148te formul\u00e1r, n\u00e1\u0161 t\u00edm sa v\u00e1m r\u00fdchlo ozve!<\/p>\n\n\n\n<div style=\"height:20px\" aria-hidden=\"true\" class=\"wp-block-spacer\"><\/div>\n\n\n\n<div class=\"wp-block-contact-form-7-contact-form-selector\">\n<div class=\"wpcf7 no-js\" id=\"wpcf7-f1266-o1\" lang=\"sk-SK\" dir=\"ltr\" data-wpcf7-id=\"1266\">\n<div class=\"screen-reader-response\"><p role=\"status\" aria-live=\"polite\" aria-atomic=\"true\"><\/p> <ul><\/ul><\/div>\n<form action=\"\/sk\/wp-json\/wp\/v2\/pages\/1097#wpcf7-f1266-o1\" method=\"post\" class=\"wpcf7-form init\" aria-label=\"Kontaktn\u00fd formul\u00e1r\" novalidate=\"novalidate\" data-status=\"init\">\n<fieldset class=\"hidden-fields-container\"><input type=\"hidden\" name=\"_wpcf7\" value=\"1266\" \/><input type=\"hidden\" name=\"_wpcf7_version\" value=\"6.1.2\" \/><input type=\"hidden\" name=\"_wpcf7_locale\" value=\"sk_SK\" \/><input type=\"hidden\" name=\"_wpcf7_unit_tag\" value=\"wpcf7-f1266-o1\" \/><input type=\"hidden\" name=\"_wpcf7_container_post\" value=\"0\" \/><input type=\"hidden\" name=\"_wpcf7_posted_data_hash\" value=\"\" \/>\n<\/fieldset>\n<div class=\"flex flex-col gap-5\">\n    <span class=\"wpcf7-form-control-wrap\" data-name=\"your-name\"><input size=\"40\" maxlength=\"400\" class=\"wpcf7-form-control wpcf7-text wpcf7-validates-as-required p-2 bg-lightGraySecond border-solid w-full\" autocomplete=\"name\" aria-required=\"true\" aria-invalid=\"false\" placeholder=\"Va\u0161e meno\" value=\"\" type=\"text\" name=\"your-name\" \/><\/span>\n\n    <span class=\"wpcf7-form-control-wrap\" data-name=\"your-email\"><input size=\"40\" maxlength=\"400\" class=\"wpcf7-form-control wpcf7-email wpcf7-validates-as-required wpcf7-text wpcf7-validates-as-email p-2 border-solid bg-lightGraySecond w-full\" autocomplete=\"email\" aria-required=\"true\" aria-invalid=\"false\" placeholder=\"E-mailov\u00e1 adresa\" value=\"\" type=\"email\" name=\"your-email\" \/><\/span> \n\n    <span class=\"wpcf7-form-control-wrap\" data-name=\"your-subject\"><input size=\"40\" maxlength=\"400\" class=\"wpcf7-form-control wpcf7-text wpcf7-validates-as-required p-2 px-1 bg-lightGraySecond w-full\" aria-required=\"true\" aria-invalid=\"false\" placeholder=\"Predmet\" value=\"\" type=\"text\" name=\"your-subject\" \/><\/span> \n\n    <span class=\"wpcf7-form-control-wrap\" data-name=\"your-message\"><textarea cols=\"40\" rows=\"10\" maxlength=\"2000\" class=\"wpcf7-form-control wpcf7-textarea p-2 px-1 bg-lightGraySecond w-full\" aria-invalid=\"false\" placeholder=\"Va\u0161a spr\u00e1va\" name=\"your-message\"><\/textarea><\/span>\n<div>\n<input class=\"wpcf7-form-control wpcf7-submit has-spinner button-secondary w-full\" id=\"form-submit\" type=\"submit\" value=\"Odosla\u0165 spr\u00e1vu\" \/>\n<\/div>\n<div>\n<span class=\"wpcf7-form-control-wrap\" data-name=\"acceptance-886\"><span class=\"wpcf7-form-control wpcf7-acceptance\"><span class=\"wpcf7-list-item\"><label><input type=\"checkbox\" name=\"acceptance-886\" value=\"1\" aria-invalid=\"false\" \/><span class=\"wpcf7-list-item-label\">Pre\u010d\u00edtal(a) som si <a href=\"\/zasady-ochrany-osobnych-udajov\/\">z\u00e1sady ochrany osobn\u00fdch \u00fadajov<\/a> a s\u00fahlas\u00edm s podmienkami spracovania mojich osobn\u00fdch \u00fadajov.*<\/span><\/label><\/span><\/span><\/span>\n<\/div>\n<div class=\"mt-2\">\n<div class=\"wpcf7-turnstile cf-turnstile\" data-sitekey=\"0x4AAAAAAByQ9gmrnIoWAAsr\" data-response-field-name=\"_wpcf7_turnstile_response\"><\/div>\n<\/div>\n<\/div><div class=\"wpcf7-response-output\" aria-hidden=\"true\"><\/div>\n<\/form>\n<\/div>\n<\/div>\n<\/div>\n<\/div>\n\n\n<div class=\" spacing-top main-wrapper \" \/>\n<\/div><\/div>\n","protected":false},"excerpt":{"rendered":"<p>Szym-bud Szymon Malak tel: +48 605 855 366 e-mail: biuro@szym-bud.pl Ulica Polna 3, 64-600 Oborniki M\u00e1te nejak\u00e9 ot\u00e1zky? Chcete sa dozvedie\u0165 viac o ponuke alebo si dohodn\u00fa\u0165 bezplatn\u00fa cenov\u00fa ponuku? Vypl\u0148te formul\u00e1r, n\u00e1\u0161 t\u00edm sa v\u00e1m r\u00fdchlo ozve!<\/p>\n","protected":false},"author":1,"featured_media":0,"parent":0,"menu_order":0,"comment_status":"closed","ping_status":"closed","template":"","meta":{"footnotes":""},"class_list":["post-1097","page","type-page","status-publish","hentry"],"_links":{"self":[{"href":"https:\/\/www.szymbud-pawilony.pl\/sk\/wp-json\/wp\/v2\/pages\/1097","targetHints":{"allow":["GET"]}}],"collection":[{"href":"https:\/\/www.szymbud-pawilony.pl\/sk\/wp-json\/wp\/v2\/pages"}],"about":[{"href":"https:\/\/www.szymbud-pawilony.pl\/sk\/wp-json\/wp\/v2\/types\/page"}],"author":[{"embeddable":true,"href":"https:\/\/www.szymbud-pawilony.pl\/sk\/wp-json\/wp\/v2\/users\/1"}],"replies":[{"embeddable":true,"href":"https:\/\/www.szymbud-pawilony.pl\/sk\/wp-json\/wp\/v2\/comments?post=1097"}],"version-history":[{"count":5,"href":"https:\/\/www.szymbud-pawilony.pl\/sk\/wp-json\/wp\/v2\/pages\/1097\/revisions"}],"predecessor-version":[{"id":1650,"href":"https:\/\/www.szymbud-pawilony.pl\/sk\/wp-json\/wp\/v2\/pages\/1097\/revisions\/1650"}],"wp:attachment":[{"href":"https:\/\/www.szymbud-pawilony.pl\/sk\/wp-json\/wp\/v2\/media?parent=1097"}],"curies":[{"name":"wp","href":"https:\/\/api.w.org\/{rel}","templated":true}]}}