{"id":1098,"date":"2025-07-16T10:44:33","date_gmt":"2025-07-16T08:44:33","guid":{"rendered":"https:\/\/www.szymbud-pawilony.pl\/cennik\/"},"modified":"2026-02-09T12:20:35","modified_gmt":"2026-02-09T11:20:35","slug":"cennik","status":"publish","type":"page","link":"https:\/\/www.szymbud-pawilony.pl\/sk\/cennik\/","title":{"rendered":"Cenn\u00edk"},"content":{"rendered":"\n<div class=\"wp-block-group main-wrapper px-5 text-container is-layout-constrained wp-block-group-is-layout-constrained\">\n<p><strong>M\u00e1me viac ako 150 hotov\u00fdch rie\u0161en\u00ed.<\/strong> Zavolajte mi, prisp\u00f4sob\u00edme projekt va\u0161im potreb\u00e1m:<strong> 605 855 366<\/strong><\/p>\n\n\n\n<p>Na\u0161e projekty a realiz\u00e1cie n\u00e1jdete v <a href=\"https:\/\/www.szymbud-pawilony.pl\/sk\/galeria\/\">gal\u00e9rii (kliknite sem)<\/a><\/p>\n\n\n\n<p><strong>Na\u0161a sp\u00e4tn\u00e1 v\u00e4zba:<\/strong> 5,0 \u2b50\u2b50\u2b50\u2b50\u2b50 <a href=\"https:\/\/www.google.com\/search?sa=X&amp;sca_esv=be8baa1fe9ceeca3&amp;tbm=lcl&amp;sxsrf=ADLYWIINzoZOZ0zHh3Ih1cuaDgsFchiiWQ:1719990085302&amp;q=Szym-Bud+Szymon+Malak+Opinie&amp;rflfq=1&amp;num=20&amp;stick=H4sIAAAAAAAAAONgkxIxNDA2NwMhA0NLc1MLUyNjI6MNjIyvGGWCqypzdZ1KUxRAjPw8Bd_EnMRsBf-CzLzM1EWseKUB9E1Y0VkAAAA&amp;rldimm=10376376301975852322&amp;hl=pl-PL&amp;ved=2ahUKEwiRwrSwpoqHAxU3SvEDHYmCAXgQ9fQKegQISxAF&amp;biw=1920&amp;bih=911&amp;dpr=1#lkt=LocalPoiReviews\" target=\"_blank\" rel=\"noopener\">Presved\u010dte sa sami.<\/a><\/p>\n\n\n\n<p>Zavolajte na \u010d\u00edslo: <strong>605 855 366<\/strong><\/p>\n\n\n\n<p>Porad\u00edm v\u00e1m a pom\u00f4\u017eem vybra\u0165 t\u00fa najlep\u0161iu mo\u017enos\u0165.<\/p>\n\n\n\n<p><a href=\"https:\/\/www.szymbud-pawilony.pl\/pawilony-uslugowe-cena.html\">Cena za servisn\u00e9 pavil\u00f3ny<\/a>.<br><\/p>\n<\/div>\n","protected":false},"excerpt":{"rendered":"<p>M\u00e1me viac ako 150 hotov\u00fdch rie\u0161en\u00ed. Zavolajte mi, prisp\u00f4sob\u00edme projekt va\u0161im potreb\u00e1m: 605 855 366 Na\u0161e projekty a realiz\u00e1cie n\u00e1jdete v gal\u00e9rii (kliknite sem) Na\u0161a sp\u00e4tn\u00e1 v\u00e4zba: 5,0 \u2b50\u2b50\u2b50\u2b50\u2b50 Presved\u010dte sa sami. Zavolajte na \u010d\u00edslo: 605 855 366 Porad\u00edm v\u00e1m a pom\u00f4\u017eem vybra\u0165 t\u00fa najlep\u0161iu mo\u017enos\u0165. Cena za servisn\u00e9 pavil\u00f3ny.<\/p>\n","protected":false},"author":1,"featured_media":0,"parent":0,"menu_order":0,"comment_status":"closed","ping_status":"closed","template":"","meta":{"footnotes":""},"class_list":["post-1098","page","type-page","status-publish","hentry"],"_links":{"self":[{"href":"https:\/\/www.szymbud-pawilony.pl\/sk\/wp-json\/wp\/v2\/pages\/1098","targetHints":{"allow":["GET"]}}],"collection":[{"href":"https:\/\/www.szymbud-pawilony.pl\/sk\/wp-json\/wp\/v2\/pages"}],"about":[{"href":"https:\/\/www.szymbud-pawilony.pl\/sk\/wp-json\/wp\/v2\/types\/page"}],"author":[{"embeddable":true,"href":"https:\/\/www.szymbud-pawilony.pl\/sk\/wp-json\/wp\/v2\/users\/1"}],"replies":[{"embeddable":true,"href":"https:\/\/www.szymbud-pawilony.pl\/sk\/wp-json\/wp\/v2\/comments?post=1098"}],"version-history":[{"count":2,"href":"https:\/\/www.szymbud-pawilony.pl\/sk\/wp-json\/wp\/v2\/pages\/1098\/revisions"}],"predecessor-version":[{"id":1646,"href":"https:\/\/www.szymbud-pawilony.pl\/sk\/wp-json\/wp\/v2\/pages\/1098\/revisions\/1646"}],"wp:attachment":[{"href":"https:\/\/www.szymbud-pawilony.pl\/sk\/wp-json\/wp\/v2\/media?parent=1098"}],"curies":[{"name":"wp","href":"https:\/\/api.w.org\/{rel}","templated":true}]}}