{"id":1099,"date":"2025-07-16T10:44:24","date_gmt":"2025-07-16T08:44:24","guid":{"rendered":"https:\/\/www.szymbud-pawilony.pl\/leasing\/"},"modified":"2025-07-16T10:44:24","modified_gmt":"2025-07-16T08:44:24","slug":"leasing","status":"publish","type":"page","link":"https:\/\/www.szymbud-pawilony.pl\/sk\/leasing\/","title":{"rendered":"Leasing"},"content":{"rendered":"\n<div class=\"wp-block-group main-wrapper px-5 text-container is-layout-constrained wp-block-group-is-layout-constrained\">\n<p>Pon\u00fakame v\u00e1m mo\u017enos\u0165 zak\u00fapi\u0165 si na\u0161e <strong>zariadenia prostredn\u00edctvom l\u00edzingu<\/strong>.<br>Spolupracujeme s r\u00f4znymi l\u00edzingov\u00fdmi spolo\u010dnos\u0165ami.<\/p>\n\n\n\n<p>Pre klienta je to ve\u013emi v\u00fdhodn\u00e1 forma k\u00fapy, preto\u017ee na k\u00fapu nehnute\u013enosti nie je potrebn\u00fd ve\u013ek\u00fd pr\u00edspevok.<\/p>\n\n\n\n<p>Radi v\u00e1m odpovieme na v\u0161etky ot\u00e1zky t\u00fdkaj\u00face sa l\u00edzingu a poskytneme v\u00e1m kontaktn\u00e9 \u00fadaje na uzavretie l\u00edzingovej zmluvy s niektor\u00fdm z na\u0161ich partnerov.<\/p>\n\n\n\n<p>T\u00e1to mo\u017enos\u0165 v\u00e1m umo\u017en\u00ed investova\u0165 u\u0161etren\u00e9 peniaze do vlastn\u00e9ho podnikania.<\/p>\n<\/div>\n","protected":false},"excerpt":{"rendered":"<p>Pon\u00fakame v\u00e1m mo\u017enos\u0165 zak\u00fapi\u0165 si na\u0161e zariadenia prostredn\u00edctvom l\u00edzingu.Spolupracujeme s r\u00f4znymi l\u00edzingov\u00fdmi spolo\u010dnos\u0165ami. Pre klienta je to ve\u013emi v\u00fdhodn\u00e1 forma k\u00fapy, preto\u017ee na k\u00fapu nehnute\u013enosti nie je potrebn\u00fd ve\u013ek\u00fd pr\u00edspevok. Radi v\u00e1m odpovieme na v\u0161etky ot\u00e1zky t\u00fdkaj\u00face sa l\u00edzingu a poskytneme v\u00e1m kontaktn\u00e9 \u00fadaje na uzavretie l\u00edzingovej zmluvy s niektor\u00fdm z na\u0161ich partnerov. T\u00e1to mo\u017enos\u0165 [&hellip;]<\/p>\n","protected":false},"author":1,"featured_media":0,"parent":0,"menu_order":0,"comment_status":"closed","ping_status":"closed","template":"","meta":{"footnotes":""},"class_list":["post-1099","page","type-page","status-publish","hentry"],"_links":{"self":[{"href":"https:\/\/www.szymbud-pawilony.pl\/sk\/wp-json\/wp\/v2\/pages\/1099","targetHints":{"allow":["GET"]}}],"collection":[{"href":"https:\/\/www.szymbud-pawilony.pl\/sk\/wp-json\/wp\/v2\/pages"}],"about":[{"href":"https:\/\/www.szymbud-pawilony.pl\/sk\/wp-json\/wp\/v2\/types\/page"}],"author":[{"embeddable":true,"href":"https:\/\/www.szymbud-pawilony.pl\/sk\/wp-json\/wp\/v2\/users\/1"}],"replies":[{"embeddable":true,"href":"https:\/\/www.szymbud-pawilony.pl\/sk\/wp-json\/wp\/v2\/comments?post=1099"}],"version-history":[{"count":0,"href":"https:\/\/www.szymbud-pawilony.pl\/sk\/wp-json\/wp\/v2\/pages\/1099\/revisions"}],"wp:attachment":[{"href":"https:\/\/www.szymbud-pawilony.pl\/sk\/wp-json\/wp\/v2\/media?parent=1099"}],"curies":[{"name":"wp","href":"https:\/\/api.w.org\/{rel}","templated":true}]}}