{"id":1339,"date":"2025-08-29T09:29:39","date_gmt":"2025-08-29T07:29:39","guid":{"rendered":"https:\/\/www.szymbud-pawilony.pl\/kontenery-biurowe-i-handlowe-kujawsko-pomorskie\/"},"modified":"2025-08-29T09:29:39","modified_gmt":"2025-08-29T07:29:39","slug":"kontenery-biurowe-i-handlowe-kujawsko-pomorskie","status":"publish","type":"page","link":"https:\/\/www.szymbud-pawilony.pl\/sk\/kontenery-biurowe-i-handlowe-kujawsko-pomorskie\/","title":{"rendered":"Kancel\u00e1rske a obchodn\u00e9 kontajnery Kujawsko-Pomorskie"},"content":{"rendered":"\n<div class=\"wp-block-group main-wrapper px-5 !mx-auto text-container is-layout-flow wp-block-group-is-layout-flow\">\n<p>H\u013ead\u00e1te efekt\u00edvne a inovat\u00edvne rie\u0161enia pre svoju firmu v <strong>Kujawsko-Pomorskie<\/strong>? Na\u0161a spolo\u010dnos\u0165 pon\u00faka <strong><a href=\"https:\/\/www.szymbud-pawilony.pl\/kontenery-biurowe.html\">kancel\u00e1rske \u00fa\u010dty<\/a> a <\/strong> <strong><a href=\"https:\/\/www.szymbud-pawilony.pl\/kontenery-handlowe.html\">obchodn\u00e9 kontajnery<\/a><\/strong>, ktor\u00e9 sp\u013a\u0148aj\u00fa v\u0161etky potreby modern\u00fdch firiem. Poskytujeme komplexn\u00e9 slu\u017eby &#8211; od n\u00e1vrhu, cez v\u00fdrobu a\u017e po in\u0161tal\u00e1ciu. <strong>Kontajnery Szymbud<\/strong> v sebe sp\u00e1jaj\u00fa funk\u010dnos\u0165, mobilitu a vysok\u00fa estetiku, s\u00fa ide\u00e1lne pre ak\u00fdko\u013evek typ podniku, od kancel\u00e1ri\u00ed a\u017e po obchodn\u00e9 priestory.<\/p>\n\n\n\n<h2 class=\"wp-block-heading\">Kancel\u00e1rske kontajnery Kujawsko-Pomorskie &#8211; va\u0161e mobiln\u00e9 pracovisko<\/h2>\n\n\n\n<p>Na\u0161e <strong>kancel\u00e1rske kontajnery v Kujawsko-Pomorsku<\/strong> s\u00fa ide\u00e1lnym rie\u0161en\u00edm pre firmy, ktor\u00e9 oce\u0148uj\u00fa flexibilitu a r\u00fdchlos\u0165. V priebehu nieko\u013ek\u00fdch dn\u00ed v\u00e1m m\u00f4\u017eeme doda\u0165 hotov\u00fa kancel\u00e1riu na ak\u00e9ko\u013evek miesto, pripraven\u00fa na okam\u017eit\u00e9 pou\u017eitie. V\u010faka vo\u013enosti usporiadania interi\u00e9ru m\u00f4\u017eu by\u0165 na\u0161e kancel\u00e1rske kontajnery prisp\u00f4soben\u00e9 ak\u00fdmko\u013evek potreb\u00e1m &#8211; od mal\u00fdch pracovn\u00fdch priestorov a\u017e po v\u00e4\u010d\u0161ie modul\u00e1rne rie\u0161enia pre v\u00e4\u010d\u0161ie t\u00edmy.<\/p>\n\n\n\n<p>\u010c\u00edm sa vyzna\u010duj\u00fa na\u0161e kancel\u00e1rske kontajnery? V prvom rade je to komfort &#8211; poskytujeme kompletn\u00fa tepeln\u00fa izol\u00e1ciu, pohodln\u00fa elektroin\u0161tal\u00e1ciu, ako aj mo\u017enos\u0165 vybavi\u0165 kontajner vykurovac\u00edm alebo klimatiza\u010dn\u00fdm syst\u00e9mom. V\u010faka tomu si m\u00f4\u017eu zamestnanci aj v n\u00e1ro\u010dn\u00fdch poveternostn\u00fdch podmienkach u\u017e\u00edva\u0165 pohodlie ako v tradi\u010dnej kancel\u00e1rii.<\/p>\n\n\n\n<h2 class=\"wp-block-heading\">Kujawsko-Pomorskie komer\u010dn\u00e9 kontajnery &#8211; ide\u00e1lne pre prosperuj\u00face podnikanie<\/h2>\n\n\n\n<p>Pon\u00fakame aj <strong>komer\u010dn\u00e9 kontajnery v Kujawsko-Pomorsku<\/strong>, ktor\u00e9 s\u00fa ide\u00e1lne pre mobiln\u00e9 predajne, obchody a tie\u017e servisn\u00e9 miesta. Ak pl\u00e1nujete rozvoj svojho podnikania a chcete oslovi\u0165 nov\u00fdch z\u00e1kazn\u00edkov, komer\u010dn\u00fd kontajner je ide\u00e1lnou invest\u00edciou. Na\u0161e v\u00fdrobky sa r\u00fdchlo montuj\u00fa, s\u00fa mobiln\u00e9 a flexibiln\u00e9, \u010do znamen\u00e1, \u017ee m\u00f4\u017eete svoj podnik presun\u00fa\u0165 tam, kde je najv\u00e4\u010d\u0161\u00ed dopyt, bez potreby dlhodobej invest\u00edcie do nehnute\u013enosti.<\/p>\n\n\n\n<p>V\u010faka modern\u00e9mu dizajnu sa komer\u010dn\u00e9 kontajnery Szymbud odli\u0161uj\u00fa od konkurencie. Vybavujeme ich modern\u00fdmi syst\u00e9mami osvetlenia, priestrann\u00fdmi v\u00fdkladmi a odoln\u00fdmi materi\u00e1lmi, ktor\u00e9 zais\u0165uj\u00fa bezpe\u010dnos\u0165 a pohodlie. Bez oh\u013eadu na typ podnikania &#8211; stravovanie, slu\u017eby alebo maloobchod &#8211; na\u0161e komer\u010dn\u00e9 kontajnery v\u00e1m pom\u00f4\u017eu r\u00fdchlo a efekt\u00edvne rozv\u00edja\u0165 va\u0161u ponuku v Kujawsko-Pomorsku.<\/p>\n\n\n\n<h2 class=\"wp-block-heading\">Pre\u010do si vybra\u0165 na\u0161e kancel\u00e1rske a obchodn\u00e9 kontajnery v Kujawsko-Pomorskie?<\/h2>\n\n\n\n<p>Ke\u010f si vyberiete kancel\u00e1rske a obchodn\u00e9 kontajnery od spolo\u010dnosti Szymbud, investujete do rie\u0161en\u00ed, ktor\u00e9 sa premietnu do r\u00fdchleho rastu v\u00e1\u0161ho podniku. Tu s\u00fa niektor\u00e9 z k\u013e\u00fa\u010dov\u00fdch v\u00fdhod, ktor\u00e9 pon\u00fakame:<\/p>\n\n\n\n<ul class=\"wp-block-list\">\n<li><strong>R\u00fdchla realiz\u00e1cia<\/strong> &#8211; kontajnery dod\u00e1vame v kr\u00e1tkom \u010dase, aby ste mohli r\u00fdchlo za\u010da\u0165 pracova\u0165 na novom mieste.<\/li>\n\n\n\n<li><strong>Mobilita a flexibilita<\/strong> &#8211; na\u0161e kontajnery s\u00fa prenosn\u00e9, tak\u017ee ich m\u00f4\u017eete premiestni\u0165 bez n\u00e1kladn\u00fdch stavebn\u00fdch pr\u00e1c.<\/li>\n\n\n\n<li><strong>Komfort a funk\u010dnos\u0165<\/strong> &#8211; pon\u00fakame kompletne dodato\u010dne vybaven\u00e9 kontajnery, ktor\u00e9 s\u00fa pripraven\u00e9 na pou\u017eitie ihne\u010f po in\u0161tal\u00e1cii.<\/li>\n\n\n\n<li><strong>Estetika a modernos\u0165<\/strong> &#8211; na\u0161e kontajnery sa vyzna\u010duj\u00fa modern\u00fdm dizajnom, ktor\u00fd ur\u010dite up\u00fata pozornos\u0165 va\u0161ich z\u00e1kazn\u00edkov.<\/li>\n\n\n\n<li><strong>N\u00e1klady prisp\u00f4soben\u00e9 va\u0161im potreb\u00e1m<\/strong> &#8211; invest\u00edcia do kontajnera je ove\u013ea lacnej\u0161ia ako v\u00fdstavba tradi\u010dn\u00e9ho zariadenia, pri\u010dom je zachovan\u00e1 pln\u00e1 funk\u010dnos\u0165.<\/li>\n<\/ul>\n\n\n\n<h2 class=\"wp-block-heading\">Pou\u017e\u00edvanie kontajnerov v r\u00f4znych odvetviach<\/h2>\n\n\n\n<p>Na\u0161e <strong>kancel\u00e1rske kontajnery a obchodn\u00e9 kontajnery v Kujawsko-Pomorsku<\/strong> s\u00fa univerz\u00e1lne, tak\u017ee sa daj\u00fa pou\u017ei\u0165 v mnoh\u00fdch odvetviach:<\/p>\n\n\n\n<ul class=\"wp-block-list\">\n<li><strong>Mal\u00e9 a stredn\u00e9 podniky<\/strong> &#8211; ide\u00e1lne pre za\u010d\u00ednaj\u00face podniky, ktor\u00e9 potrebuj\u00fa flexibiln\u00e9 kancel\u00e1rske a obchodn\u00e9 rie\u0161enia.<\/li>\n\n\n\n<li><strong>Stavebn\u00edctvo<\/strong> &#8211; kancel\u00e1rske kontajnery na stavenisku, ktor\u00e9 m\u00f4\u017eu sl\u00fa\u017ei\u0165 ako mobiln\u00e9 kancel\u00e1rie na riadenie projektov.<\/li>\n\n\n\n<li><strong>Stravovanie a maloobchod<\/strong> &#8211; r\u00fdchla a jednoduch\u00e1 organiz\u00e1cia predajn\u00fdch miest alebo slu\u017eieb na novom mieste, ako s\u00fa ve\u013etrhy, festivaly alebo miesta s vysokou n\u00e1v\u0161tevnos\u0165ou.<\/li>\n<\/ul>\n\n\n\n<h2 class=\"wp-block-heading\">Kontaktujte n\u00e1s pre individu\u00e1lnu ponuku<\/h2>\n\n\n\n<p>Investujte do <strong>kancel\u00e1rskych kontajnerov a komer\u010dn\u00fdch kontajnerov<\/strong> a zistite, ako r\u00fdchlo m\u00f4\u017eete rozv\u00edja\u0165 svoje podnikanie s pomocou spolo\u010dnosti Szymbud. Pon\u00fakame komplexn\u00e9 slu\u017eby &#8211; od n\u00e1vrhu, cez dod\u00e1vku a\u017e po in\u0161tal\u00e1ciu a popredajn\u00fa podporu. <strong><a href=\"https:\/\/www.szymbud-pawilony.pl\/kontakt.html\">Kontaktujte n\u00e1s<\/a><\/strong> teraz, aby ste z\u00edskali podrobn\u00fa cenov\u00fa ponuku a za\u010dali spolupracova\u0165 s l\u00eddrom na trhu s kontajnermi v kujavsko-pomorskom regi\u00f3ne.<\/p>\n<\/div>\n","protected":false},"excerpt":{"rendered":"<p>H\u013ead\u00e1te efekt\u00edvne a inovat\u00edvne rie\u0161enia pre svoju firmu v Kujawsko-Pomorskie? Na\u0161a spolo\u010dnos\u0165 pon\u00faka kancel\u00e1rske \u00fa\u010dty a obchodn\u00e9 kontajnery, ktor\u00e9 sp\u013a\u0148aj\u00fa v\u0161etky potreby modern\u00fdch firiem. Poskytujeme komplexn\u00e9 slu\u017eby &#8211; od n\u00e1vrhu, cez v\u00fdrobu a\u017e po in\u0161tal\u00e1ciu. Kontajnery Szymbud v sebe sp\u00e1jaj\u00fa funk\u010dnos\u0165, mobilitu a vysok\u00fa estetiku, s\u00fa ide\u00e1lne pre ak\u00fdko\u013evek typ podniku, od kancel\u00e1ri\u00ed a\u017e po [&hellip;]<\/p>\n","protected":false},"author":1,"featured_media":0,"parent":0,"menu_order":0,"comment_status":"closed","ping_status":"closed","template":"","meta":{"footnotes":""},"class_list":["post-1339","page","type-page","status-publish","hentry"],"_links":{"self":[{"href":"https:\/\/www.szymbud-pawilony.pl\/sk\/wp-json\/wp\/v2\/pages\/1339","targetHints":{"allow":["GET"]}}],"collection":[{"href":"https:\/\/www.szymbud-pawilony.pl\/sk\/wp-json\/wp\/v2\/pages"}],"about":[{"href":"https:\/\/www.szymbud-pawilony.pl\/sk\/wp-json\/wp\/v2\/types\/page"}],"author":[{"embeddable":true,"href":"https:\/\/www.szymbud-pawilony.pl\/sk\/wp-json\/wp\/v2\/users\/1"}],"replies":[{"embeddable":true,"href":"https:\/\/www.szymbud-pawilony.pl\/sk\/wp-json\/wp\/v2\/comments?post=1339"}],"version-history":[{"count":0,"href":"https:\/\/www.szymbud-pawilony.pl\/sk\/wp-json\/wp\/v2\/pages\/1339\/revisions"}],"wp:attachment":[{"href":"https:\/\/www.szymbud-pawilony.pl\/sk\/wp-json\/wp\/v2\/media?parent=1339"}],"curies":[{"name":"wp","href":"https:\/\/api.w.org\/{rel}","templated":true}]}}