{"id":1341,"date":"2025-08-29T09:28:07","date_gmt":"2025-08-29T07:28:07","guid":{"rendered":"https:\/\/www.szymbud-pawilony.pl\/pawilony-handlowe-i-biurowe-lubuskie\/"},"modified":"2025-08-29T09:28:07","modified_gmt":"2025-08-29T07:28:07","slug":"pawilony-handlowe-i-biurowe-lubuskie","status":"publish","type":"page","link":"https:\/\/www.szymbud-pawilony.pl\/sk\/pawilony-handlowe-i-biurowe-lubuskie\/","title":{"rendered":"Pawilony handlowe i biurowe Lubuskie"},"content":{"rendered":"\n<div class=\"wp-block-group main-wrapper px-5 !mx-auto text-container is-layout-flow wp-block-group-is-layout-flow\">\n<p><strong>Szym-bud<\/strong> to wiod\u0105cy <strong><a href=\"https:\/\/www.szymbud-pawilony.pl\/sk\/\">producent pawilon\u00f3w<\/a><\/strong> specjalizuj\u0105cy si\u0119 w projektowaniu i budowie nowoczesnych <strong>pawilon\u00f3w handlowych i biurowych<\/strong> na terenie wojew\u00f3dztwa <strong>lubuskiego<\/strong>, jak i ca\u0142ej Polski oraz za granic\u0105. Nasza oferta jest skierowana do przedsi\u0119biorc\u00f3w, kt\u00f3rzy poszukuj\u0105 funkcjonalnych i estetycznych rozwi\u0105za\u0144 architektonicznych, idealnych dla rozwoju ich dzia\u0142alno\u015bci. Dzi\u0119ki wieloletniemu do\u015bwiadczeniu i zaanga\u017cowaniu jeste\u015bmy w stanie sprosta\u0107 nawet najbardziej wymagaj\u0105cym oczekiwaniom naszych klient\u00f3w.<\/p>\n\n\n\n<h2 class=\"wp-block-heading\">Dlaczego warto wybra\u0107 nasze pawilony w wojew\u00f3dztwie lubuskim?<\/h2>\n\n\n\n<p>Ka\u017cdy z naszych <strong>pawilon\u00f3w handlowych czy to biurowych w lubuskim<\/strong> jest unikalny i dostosowany do specyficznych potrzeb klienta. Rozumiemy, jak wa\u017cne jest, aby przestrze\u0144 handlowa czy biurowa by\u0142a nie tylko funkcjonalna, ale tak\u017ce odzwierciedla\u0142a charakter i warto\u015bci Twojej firmy. Dlatego nasz zesp\u00f3\u0142 architekt\u00f3w i projektant\u00f3w \u015bci\u015ble wsp\u00f3\u0142pracuje z klientem na ka\u017cdym etapie tworzenia projektu, zapewniaj\u0105c, \u017ce efekt ko\u0144cowy b\u0119dzie w pe\u0142ni zgodny z jego wizj\u0105.<\/p>\n\n\n\n<h2 class=\"wp-block-heading\">Wysoka jako\u015b\u0107 materia\u0142\u00f3w i wykonania pawilon\u00f3w handlowych oraz biurowych w lubuskim<\/h2>\n\n\n\n<p>Jako\u015b\u0107 to dla nas priorytet. Nasze pawilony <strong>handlowe i biurowe w wojew\u00f3dztwie lubuskim<\/strong> powstaj\u0105 z wykorzystaniem wy\u0142\u0105cznie sprawdzonych i trwa\u0142ych materia\u0142\u00f3w, kt\u00f3re zapewniaj\u0105 d\u0142ugowieczno\u015b\u0107 i odporno\u015b\u0107 na warunki atmosferyczne. Dzi\u0119ki temu nasze konstrukcje s\u0105 nie tylko estetyczne, ale tak\u017ce solidne i niezawodne. Korzystamy z najnowszych technologii budowlanych, co pozwala nam dostarcza\u0107 produkty na najwy\u017cszym poziomie.<\/p>\n\n\n\n<h2 class=\"wp-block-heading\">Szybka realizacja pawilon\u00f3w handlowych oraz biurowych w lubuskim<\/h2>\n\n\n\n<p>Rozumiemy, jak cenny jest czas naszych klient\u00f3w, dlatego przyk\u0142adamy du\u017c\u0105 wag\u0119 do terminowej realizacji projekt\u00f3w. Nasz do\u015bwiadczony zesp\u00f3\u0142 budowlany gwarantuje sprawn\u0105 i efektywn\u0105 realizacj\u0119 zlece\u0144, co pozwala na szybkie rozpocz\u0119cie dzia\u0142alno\u015bci w nowym pawilonie. Dzi\u0119ki dobrze skoordynowanym dzia\u0142aniom jeste\u015bmy w stanie skr\u00f3ci\u0107 czas realizacji do minimum, nie trac\u0105c przy tym na jako\u015bci wykonania.<\/p>\n\n\n\n<h2 class=\"wp-block-heading\">Wsparcie na ka\u017cdym etapie wsp\u00f3\u0142pracy<\/h2>\n\n\n\n<p>W firmie <strong>Szymbud<\/strong> k\u0142adziemy du\u017cy nacisk na kompleksow\u0105 obs\u0142ug\u0119 klienta. Oferujemy wsparcie na ka\u017cdym etapie realizacji projektu, pocz\u0105wszy od doradztwa projektowego, przez proces budowy, a\u017c po monta\u017c i serwisowanie gotowych <strong>pawilon\u00f3w handlowych oraz biurowych w wojew\u00f3dztwie lubuskim.<\/strong> Nasz zesp\u00f3\u0142 jest zawsze gotowy, by odpowiedzie\u0107 na pytania i rozwia\u0107 wszelkie w\u0105tpliwo\u015bci, zapewniaj\u0105c komfort i bezpiecze\u0144stwo naszych klient\u00f3w.<\/p>\n\n\n\n<h2 class=\"wp-block-heading\">Nasza oferta pawilon\u00f3w handlowych oraz biurowych w lubuskim<\/h2>\n\n\n\n<h3 class=\"wp-block-heading\">Pawilony handlowe w wojew\u00f3dztwie lubuskim<\/h3>\n\n\n\n<p>Nasze <strong><a href=\"https:\/\/www.szymbud-pawilony.pl\/pawilony-handlowe.html\">pawilony handlowe<\/a><\/strong>&nbsp;s\u0105 projektowane z my\u015bl\u0105 o zapewnieniu maksymalnej funkcjonalno\u015bci i komfortu zar\u00f3wno dla w\u0142a\u015bcicieli, jak i klient\u00f3w. Dzi\u0119ki elastycznemu podej\u015bciu do projektowania, jeste\u015bmy w stanie stworzy\u0107 przestrzenie, kt\u00f3re idealnie odpowiadaj\u0105 potrzebom r\u00f3\u017cnych bran\u017c \u2013 od gastronomii, przez us\u0142ugi, po sklepy detaliczne. Nasze <strong>pawilony handlowe<\/strong> charakteryzuj\u0105 si\u0119 nowoczesnym designem, kt\u00f3ry przyci\u0105ga uwag\u0119 i sprzyja budowaniu pozytywnego wizerunku marki.<\/p>\n\n\n\n<h3 class=\"wp-block-heading\">Pawilony biurowe w wojew\u00f3dztwie lubuskim<\/h3>\n\n\n\n<p>W dzisiejszych czasach mobilno\u015b\u0107 i elastyczno\u015b\u0107 s\u0105 kluczowe w prowadzeniu biznesu. Dlatego nasze <strong><a href=\"https:\/\/www.szymbud-pawilony.pl\/pawilony-biurowe.html\">pawilony biurowe<\/a><\/strong>&nbsp;s\u0105 doskona\u0142ym rozwi\u0105zaniem dla firm, kt\u00f3re potrzebuj\u0105 przestrzeni biurowej dostosowanej do ich dynamicznie zmieniaj\u0105cych si\u0119 potrzeb. Oferujemy nowoczesne i ergonomiczne rozwi\u0105zania, kt\u00f3re sprzyjaj\u0105 efektywnej pracy i tworz\u0105 komfortowe warunki dla pracownik\u00f3w. Nasze pawilony biurowe mo\u017cna \u0142atwo dostosowa\u0107 do r\u00f3\u017cnej wielko\u015bci zespo\u0142\u00f3w oraz specyfiki dzia\u0142alno\u015bci.<\/p>\n\n\n\n<h2 class=\"wp-block-heading\">Dlaczego wojew\u00f3dztwo lubuskie?<\/h2>\n\n\n\n<p>Wojew\u00f3dztwo <strong>lubuskie<\/strong> to region o ogromnym potencjale gospodarczym, kt\u00f3ry przyci\u0105ga inwestor\u00f3w z r\u00f3\u017cnych bran\u017c. Dynamiczny rozw\u00f3j infrastruktury, rosn\u0105ca liczba inwestycji oraz dost\u0119p do nowoczesnych technologii sprawiaj\u0105, \u017ce jest to idealne miejsce do prowadzenia biznesu. Szymbud dostrzega ten potencja\u0142 i oferuje przedsi\u0119biorcom z regionu <strong>lubuskiego<\/strong> nowoczesne rozwi\u0105zania w postaci pawilon\u00f3w handlowych i biurowych, kt\u00f3re pomagaj\u0105 w pe\u0142ni wykorzysta\u0107 mo\u017cliwo\u015bci, jakie daje rynek.<\/p>\n\n\n\n<h2 class=\"wp-block-heading\">Dogodne po\u0142o\u017cenie geograficzne<\/h2>\n\n\n\n<p>Po\u0142o\u017cenie wojew\u00f3dztwa <strong>lubuskiego<\/strong> na styku szlak\u00f3w komunikacyjnych, blisko\u015b\u0107 granicy niemieckiej oraz dost\u0119p do dobrze rozwini\u0119tej infrastruktury transportowej czyni\u0105 je atrakcyjnym miejscem do prowadzenia dzia\u0142alno\u015bci gospodarczej. Nasze <strong>pawilony handlowe oraz biurowe<\/strong> mog\u0105 by\u0107 z \u0142atwo\u015bci\u0105 dostosowane do specyfiki lokalnych rynk\u00f3w i przyczyniaj\u0105 si\u0119 do wzrostu konkurencyjno\u015bci przedsi\u0119biorstw.<\/p>\n\n\n\n<h2 class=\"wp-block-heading\">Zaufaj do\u015bwiadczeniu Szymbud \u2013 wybierz doskona\u0142e pawilony handlowe oraz biurowe w wojew\u00f3dztwie lubuskim<\/h2>\n\n\n\n<p>Wybieraj\u0105c <strong>Szymbud<\/strong>, wybierasz partnera, kt\u00f3ry posiada wiedz\u0119, do\u015bwiadczenie i pasj\u0119 niezb\u0119dne do realizacji projekt\u00f3w na najwy\u017cszym poziomie. Nasza firma cieszy si\u0119 zaufaniem wielu klient\u00f3w, dla kt\u00f3rych zrealizowali\u015bmy ju\u017c setki projekt\u00f3w pawilon\u00f3w biurowych i handlowych w ca\u0142ej Polsce. Jeste\u015bmy dumni z tego, \u017ce mo\u017cemy przyczyni\u0107 si\u0119 do sukcesu naszych klient\u00f3w, dostarczaj\u0105c im produkty, kt\u00f3re spe\u0142niaj\u0105 ich oczekiwania.<\/p>\n\n\n\n<h2 class=\"wp-block-heading\">Skontaktuj si\u0119 z nami<\/h2>\n\n\n\n<p>Je\u015bli jeste\u015b zainteresowany ofert\u0105 naszych <strong>pawilon\u00f3w handlowych i biurowych w wojew\u00f3dztwie lubuskim<\/strong>, <strong><a href=\"https:\/\/www.szymbud-pawilony.pl\/kontakt.html\">skontaktuj si\u0119<\/a><\/strong> z naszym zespo\u0142em. Z ch\u0119ci\u0105 odpowiemy na wszystkie pytania, doradzimy w wyborze najlepszego rozwi\u0105zania i przygotujemy indywidualn\u0105 ofert\u0119, dostosowan\u0105 do Twoich potrzeb. Jeste\u015bmy do Twojej dyspozycji!<\/p>\n<\/div>\n","protected":false},"excerpt":{"rendered":"<p>Szym-bud to wiod\u0105cy producent pawilon\u00f3w specjalizuj\u0105cy si\u0119 w projektowaniu i budowie nowoczesnych pawilon\u00f3w handlowych i biurowych na terenie wojew\u00f3dztwa lubuskiego, jak i ca\u0142ej Polski oraz za granic\u0105. Nasza oferta jest skierowana do przedsi\u0119biorc\u00f3w, kt\u00f3rzy poszukuj\u0105 funkcjonalnych i estetycznych rozwi\u0105za\u0144 architektonicznych, idealnych dla rozwoju ich dzia\u0142alno\u015bci. Dzi\u0119ki wieloletniemu do\u015bwiadczeniu i zaanga\u017cowaniu jeste\u015bmy w stanie sprosta\u0107 nawet [&hellip;]<\/p>\n","protected":false},"author":1,"featured_media":0,"parent":0,"menu_order":0,"comment_status":"closed","ping_status":"closed","template":"","meta":{"footnotes":""},"class_list":["post-1341","page","type-page","status-publish","hentry"],"_links":{"self":[{"href":"https:\/\/www.szymbud-pawilony.pl\/sk\/wp-json\/wp\/v2\/pages\/1341","targetHints":{"allow":["GET"]}}],"collection":[{"href":"https:\/\/www.szymbud-pawilony.pl\/sk\/wp-json\/wp\/v2\/pages"}],"about":[{"href":"https:\/\/www.szymbud-pawilony.pl\/sk\/wp-json\/wp\/v2\/types\/page"}],"author":[{"embeddable":true,"href":"https:\/\/www.szymbud-pawilony.pl\/sk\/wp-json\/wp\/v2\/users\/1"}],"replies":[{"embeddable":true,"href":"https:\/\/www.szymbud-pawilony.pl\/sk\/wp-json\/wp\/v2\/comments?post=1341"}],"version-history":[{"count":0,"href":"https:\/\/www.szymbud-pawilony.pl\/sk\/wp-json\/wp\/v2\/pages\/1341\/revisions"}],"wp:attachment":[{"href":"https:\/\/www.szymbud-pawilony.pl\/sk\/wp-json\/wp\/v2\/media?parent=1341"}],"curies":[{"name":"wp","href":"https:\/\/api.w.org\/{rel}","templated":true}]}}