{"id":1346,"date":"2025-08-29T09:08:35","date_gmt":"2025-08-29T07:08:35","guid":{"rendered":"https:\/\/www.szymbud-pawilony.pl\/pawilony-handlowe-dolnoslaskie\/"},"modified":"2025-08-29T09:08:35","modified_gmt":"2025-08-29T07:08:35","slug":"pawilony-handlowe-dolnoslaskie","status":"publish","type":"page","link":"https:\/\/www.szymbud-pawilony.pl\/sk\/pawilony-handlowe-dolnoslaskie\/","title":{"rendered":"Pawilony handlowe Dolno\u015bl\u0105skie"},"content":{"rendered":"\n<div class=\"wp-block-group main-wrapper px-5 !mx-auto text-container is-layout-flow wp-block-group-is-layout-flow\">\n<p>Szymbud, jako do\u015bwiadczony <a href=\"https:\/\/www.szymbud-pawilony.pl\/sk\/\">producent pawilon\u00f3w handlowych<\/a>, oferuje swoje us\u0142ugi na terenie wojew\u00f3dztwa dolno\u015bl\u0105skiego, dostarczaj\u0105c produkty, kt\u00f3re s\u0105 synonimem jako\u015bci i nowoczesno\u015bci. Nasza firma specjalizuje si\u0119 w<strong> projektowaniu, produkcji oraz monta\u017cu r\u00f3\u017cnorodnych <a href=\"https:\/\/www.szymbud-pawilony.pl\/pawilony-handlowe.html\">pawilon\u00f3w handlowych<\/a> w wojew\u00f3dztwie dolno\u015bl\u0105skim<\/strong>, jak i na terenie ca\u0142ego kraju, kt\u00f3re znajduj\u0105 zastosowanie w wielu bran\u017cach \u2013 od retailu po gastronomi\u0119 i us\u0142ugi.<\/p>\n\n\n\n<h2 class=\"wp-block-heading\">Producent kontener\u00f3w handlowych w dolno\u015bl\u0105skim<\/h2>\n\n\n\n<p>Szymbud ma w swojej ofercie&nbsp;<a href=\"https:\/\/www.szymbud-pawilony.pl\/kontenery-handlowe.html\"><strong>kontenery handlowe<\/strong><\/a>, kt\u00f3re stanowi\u0105 idealne rozwi\u0105zanie dla firm poszukuj\u0105cych elastycznych i kosztowo efektywnych przestrzeni handlowych. W<strong> wojew\u00f3dztwie dolno\u015bl\u0105skim<\/strong>, gdzie dynamicznie rozwijaj\u0105 si\u0119 zar\u00f3wno miasta, jak i mniejsze miejscowo\u015bci, nasze <strong>kontenery handlowe<\/strong> ciesz\u0105 si\u0119 du\u017c\u0105 popularno\u015bci\u0105 dzi\u0119ki swojej adaptacyjno\u015bci i szybko\u015bci realizacji.<\/p>\n\n\n\n<h2 class=\"wp-block-heading\">Obiekty handlowe z p\u0142yty warstwowej&nbsp;dolno\u015bl\u0105skie<\/h2>\n\n\n\n<p>W odpowiedzi na rosn\u0105ce zapotrzebowanie rynku, Szymbud oferuje r\u00f3wnie\u017c <strong>obiekty handlowe z p\u0142yty warstwowej<\/strong>, kt\u00f3re s\u0105 doceniane za swoje w\u0142a\u015bciwo\u015bci termoizolacyjne i estetyczny wygl\u0105d. Te ekonomiczne i trwa\u0142e rozwi\u0105zania s\u0105 idealne dla wojew\u00f3dztwa dolno\u015bl\u0105skiego, znane z r\u00f3\u017cnorodnych warunk\u00f3w klimatycznych, zapewniaj\u0105c komfort u\u017cytkowania przez ca\u0142y rok.<\/p>\n\n\n\n<h2 class=\"wp-block-heading\">Dlaczego wybra\u0107 Szymbud w wojew\u00f3dztwie dolno\u015bl\u0105skim?<\/h2>\n\n\n\n<p>Wyb\u00f3r Szymbud jako partnera w realizacji Twojego <strong>pawilon\u00f3w handlowych w wojew\u00f3dztwie dolno\u015bl\u0105skim<\/strong> gwarantuje dost\u0119p do produkt\u00f3w wyprodukowanych z najwy\u017cszej jako\u015bci materia\u0142\u00f3w, zastosowanie najnowszych technologii oraz wsparcie do\u015bwiadczonego zespo\u0142u, kt\u00f3ry pomo\u017ce dopasowa\u0107 ka\u017cde rozwi\u0105zanie do indywidualnych potrzeb klienta.<\/p>\n\n\n\n<h2 class=\"wp-block-heading\">Skontaktuj Si\u0119 z nami!<\/h2>\n\n\n\n<p>Je\u015bli jeste\u015b zainteresowany wsp\u00f3\u0142prac\u0105 lub chcesz dowiedzie\u0107 si\u0119 wi\u0119cej o naszych <strong>pawilonach handlowych, kontenerach handlowych lub obiektach z p\u0142yty warstwowej w wojew\u00f3dztwie dolno\u015bl\u0105skim<\/strong>, nie zwlekaj \u2013 <a href=\"https:\/\/www.szymbud-pawilony.pl\/kontakt.html\">skontaktuj si\u0119 z nami<\/a> ju\u017c dzi\u015b. Zapewniamy profesjonalne doradztwo, szybk\u0105 realizacj\u0119 oraz monta\u017c na terenie ca\u0142ego wojew\u00f3dztwa. Odwied\u017a nasz\u0105 stron\u0119 internetow\u0105, aby pozna\u0107 wi\u0119cej szczeg\u00f3\u0142\u00f3w i zobaczy\u0107, jak mo\u017cemy wspom\u00f3c rozw\u00f3j Twojego biznesu.<\/p>\n<\/div>\n","protected":false},"excerpt":{"rendered":"<p>Szymbud, jako do\u015bwiadczony producent pawilon\u00f3w handlowych, oferuje swoje us\u0142ugi na terenie wojew\u00f3dztwa dolno\u015bl\u0105skiego, dostarczaj\u0105c produkty, kt\u00f3re s\u0105 synonimem jako\u015bci i nowoczesno\u015bci. Nasza firma specjalizuje si\u0119 w projektowaniu, produkcji oraz monta\u017cu r\u00f3\u017cnorodnych pawilon\u00f3w handlowych w wojew\u00f3dztwie dolno\u015bl\u0105skim, jak i na terenie ca\u0142ego kraju, kt\u00f3re znajduj\u0105 zastosowanie w wielu bran\u017cach \u2013 od retailu po gastronomi\u0119 i us\u0142ugi. [&hellip;]<\/p>\n","protected":false},"author":1,"featured_media":0,"parent":0,"menu_order":0,"comment_status":"closed","ping_status":"closed","template":"","meta":{"footnotes":""},"class_list":["post-1346","page","type-page","status-publish","hentry"],"_links":{"self":[{"href":"https:\/\/www.szymbud-pawilony.pl\/sk\/wp-json\/wp\/v2\/pages\/1346","targetHints":{"allow":["GET"]}}],"collection":[{"href":"https:\/\/www.szymbud-pawilony.pl\/sk\/wp-json\/wp\/v2\/pages"}],"about":[{"href":"https:\/\/www.szymbud-pawilony.pl\/sk\/wp-json\/wp\/v2\/types\/page"}],"author":[{"embeddable":true,"href":"https:\/\/www.szymbud-pawilony.pl\/sk\/wp-json\/wp\/v2\/users\/1"}],"replies":[{"embeddable":true,"href":"https:\/\/www.szymbud-pawilony.pl\/sk\/wp-json\/wp\/v2\/comments?post=1346"}],"version-history":[{"count":0,"href":"https:\/\/www.szymbud-pawilony.pl\/sk\/wp-json\/wp\/v2\/pages\/1346\/revisions"}],"wp:attachment":[{"href":"https:\/\/www.szymbud-pawilony.pl\/sk\/wp-json\/wp\/v2\/media?parent=1346"}],"curies":[{"name":"wp","href":"https:\/\/api.w.org\/{rel}","templated":true}]}}